	
{"id":13421,"date":"2021-04-30T14:59:30","date_gmt":"2021-04-30T14:59:30","guid":{"rendered":"http:\/\/sdp.si\/wp\/?page_id=13421"},"modified":"2024-04-15T18:44:19","modified_gmt":"2024-04-15T16:44:19","slug":"ugodnosti","status":"publish","type":"page","link":"https:\/\/sdp.si\/wp\/ugodnosti\/","title":{"rendered":"UGODNOSTI"},"content":{"rendered":"\t\t<div data-elementor-type=\"wp-page\" data-elementor-id=\"13421\" class=\"elementor elementor-13421\" data-elementor-settings=\"[]\">\n\t\t\t\t\t\t\t<div class=\"elementor-section-wrap\">\n\t\t\t\t\t\t\t<section class=\"elementor-section elementor-top-section elementor-element elementor-element-1dafdb5 elementor-section-boxed elementor-section-height-default elementor-section-height-default\" data-id=\"1dafdb5\" data-element_type=\"section\">\n\t\t\t\t\t\t<div class=\"elementor-container elementor-column-gap-default\">\n\t\t\t\t\t\t\t\t<\/div>\n\t\t<\/section>\n\t\t\t\t<section class=\"elementor-section elementor-top-section elementor-element elementor-element-9c96ab7 elementor-section-boxed elementor-section-height-default elementor-section-height-default\" data-id=\"9c96ab7\" data-element_type=\"section\" data-settings=\"{&quot;background_background&quot;:&quot;classic&quot;}\">\n\t\t\t\t\t\t<div class=\"elementor-container elementor-column-gap-default\">\n\t\t\t\t\t\t\t\t<\/div>\n\t\t<\/section>\n\t\t\t\t<section class=\"elementor-section elementor-top-section elementor-element elementor-element-131b7ee elementor-section-boxed elementor-section-height-default elementor-section-height-default\" data-id=\"131b7ee\" data-element_type=\"section\" data-settings=\"{&quot;background_background&quot;:&quot;classic&quot;}\">\n\t\t\t\t\t\t<div class=\"elementor-container elementor-column-gap-default\">\n\t\t\t\t\t<div class=\"elementor-column elementor-col-100 elementor-top-column elementor-element elementor-element-22a1d19\" data-id=\"22a1d19\" data-element_type=\"column\" data-settings=\"{&quot;background_background&quot;:&quot;classic&quot;}\">\n\t\t\t<div class=\"elementor-widget-wrap elementor-element-populated\">\n\t\t\t\t\t\t\t\t<div class=\"elementor-element elementor-element-d6df7d9 elementor-widget elementor-widget-heading\" data-id=\"d6df7d9\" data-element_type=\"widget\" data-widget_type=\"heading.default\">\n\t\t\t\t<div class=\"elementor-widget-container\">\n\t\t\t<h4 class=\"elementor-heading-title elementor-size-default\">KRANJSKA GORA<\/h4>\t\t<\/div>\n\t\t\t\t<\/div>\n\t\t\t\t<div class=\"elementor-element elementor-element-c59d405 elementor-widget elementor-widget-text-editor\" data-id=\"c59d405\" data-element_type=\"widget\" data-widget_type=\"text-editor.default\">\n\t\t\t\t<div class=\"elementor-widget-container\">\n\t\t\t\t\t\t\t<h6>V Kranjski Gori in okoli\u0161kih krajih vas pri\u010dakujejo \u017eivahna do\u017eivetja Julijskih Alp. Do\u017eivetij, ki jih \u017eelite preizkusiti tudi sami, je na pretek, od aktivnega pre\u017eivljanja po\u010ditnic, do mirnega odkrivanja naravne in kulturne dedi\u0161\u010dine.\u00a0<\/h6><h6><strong><br \/>To je prostor, kjer se avantura pri\u010dne!<\/strong><\/h6>\t\t\t\t\t\t<\/div>\n\t\t\t\t<\/div>\n\t\t\t\t<div class=\"elementor-element elementor-element-887882e elementor-align-left elementor-widget elementor-widget-button\" data-id=\"887882e\" data-element_type=\"widget\" data-widget_type=\"button.default\">\n\t\t\t\t<div class=\"elementor-widget-container\">\n\t\t\t\t\t<div class=\"elementor-button-wrapper\">\n\t\t\t<a href=\"http:\/\/sdp.si\/wp\/kranjska-gora\/\" class=\"elementor-button-link elementor-button elementor-size-md\" role=\"button\">\n\t\t\t\t\t\t<span class=\"elementor-button-content-wrapper\">\n\t\t\t\t\t\t<span class=\"elementor-button-text\">Apartmaji<\/span>\n\t\t<\/span>\n\t\t\t\t\t<\/a>\n\t\t<\/div>\n\t\t\t\t<\/div>\n\t\t\t\t<\/div>\n\t\t\t\t\t<\/div>\n\t\t<\/div>\n\t\t\t\t\t\t\t<\/div>\n\t\t<\/section>\n\t\t\t\t<section class=\"elementor-section elementor-top-section elementor-element elementor-element-3106ca0 elementor-section-boxed elementor-section-height-default elementor-section-height-default\" data-id=\"3106ca0\" data-element_type=\"section\">\n\t\t\t\t\t\t<div class=\"elementor-container elementor-column-gap-default\">\n\t\t\t\t\t\t\t\t<\/div>\n\t\t<\/section>\n\t\t\t\t<section class=\"elementor-section elementor-top-section elementor-element elementor-element-88966aa elementor-section-full_width elementor-section-content-middle elementor-section-stretched elementor-section-height-default elementor-section-height-default\" data-id=\"88966aa\" data-element_type=\"section\" data-settings=\"{&quot;stretch_section&quot;:&quot;section-stretched&quot;,&quot;background_background&quot;:&quot;classic&quot;}\">\n\t\t\t\t\t\t<div class=\"elementor-container elementor-column-gap-default\">\n\t\t\t\t\t\t\t\t<\/div>\n\t\t<\/section>\n\t\t\t\t<section class=\"elementor-section elementor-top-section elementor-element elementor-element-61054ec elementor-section-boxed elementor-section-height-default elementor-section-height-default\" data-id=\"61054ec\" data-element_type=\"section\" data-settings=\"{&quot;background_background&quot;:&quot;classic&quot;}\">\n\t\t\t\t\t\t<div class=\"elementor-container elementor-column-gap-default\">\n\t\t\t\t\t<div class=\"elementor-column elementor-col-100 elementor-top-column elementor-element elementor-element-c7548aa\" data-id=\"c7548aa\" data-element_type=\"column\" data-settings=\"{&quot;background_background&quot;:&quot;classic&quot;}\">\n\t\t\t<div class=\"elementor-widget-wrap elementor-element-populated\">\n\t\t\t\t\t\t\t\t<div class=\"elementor-element elementor-element-be76923 elementor-widget elementor-widget-heading\" data-id=\"be76923\" data-element_type=\"widget\" data-widget_type=\"heading.default\">\n\t\t\t\t<div class=\"elementor-widget-container\">\n\t\t\t<h4 class=\"elementor-heading-title elementor-size-default\">FITCITY FITNES<\/h4>\t\t<\/div>\n\t\t\t\t<\/div>\n\t\t\t\t<div class=\"elementor-element elementor-element-7949320 elementor-widget elementor-widget-text-editor\" data-id=\"7949320\" data-element_type=\"widget\" data-widget_type=\"text-editor.default\">\n\t\t\t\t<div class=\"elementor-widget-container\">\n\t\t\t\t\t\t\t<h6>Sindikat delavcev v pravosodju ponovno nudi brezpla\u010dni fitnes za \u010dlane \u00a0sindikata in\u00a0 va\u0161e o\u017eje dru\u017einske \u010dlane.\u00a0<\/h6>\t\t\t\t\t\t<\/div>\n\t\t\t\t<\/div>\n\t\t\t\t<div class=\"elementor-element elementor-element-aa8e5ad elementor-align-left elementor-widget elementor-widget-button\" data-id=\"aa8e5ad\" data-element_type=\"widget\" data-widget_type=\"button.default\">\n\t\t\t\t<div class=\"elementor-widget-container\">\n\t\t\t\t\t<div class=\"elementor-button-wrapper\">\n\t\t\t<a href=\"http:\/\/sdp.si\/wp\/fitcity-fitnes\/\" class=\"elementor-button-link elementor-button elementor-size-md\" role=\"button\">\n\t\t\t\t\t\t<span class=\"elementor-button-content-wrapper\">\n\t\t\t\t\t\t<span class=\"elementor-button-text\">Fitcity<\/span>\n\t\t<\/span>\n\t\t\t\t\t<\/a>\n\t\t<\/div>\n\t\t\t\t<\/div>\n\t\t\t\t<\/div>\n\t\t\t\t\t<\/div>\n\t\t<\/div>\n\t\t\t\t\t\t\t<\/div>\n\t\t<\/section>\n\t\t\t\t\t\t<\/div>\n\t\t\t\t\t<\/div>\n\t\t","protected":false},"excerpt":{"rendered":"<p>KRANJSKA GORA V Kranjski Gori in okoli\u0161kih krajih vas pri\u010dakujejo \u017eivahna do\u017eivetja Julijskih Alp. Do\u017eivetij, ki jih \u017eelite preizkusiti tudi sami, je na pretek, od aktivnega pre\u017eivljanja po\u010ditnic, do mirnega odkrivanja naravne in kulturne dedi\u0161\u010dine.\u00a0 To je prostor, kjer se&#8230;<\/p>\n","protected":false},"author":1,"featured_media":0,"parent":0,"menu_order":0,"comment_status":"closed","ping_status":"closed","template":"elementor_header_footer","meta":{"footnotes":""},"class_list":["post-13421","page","type-page","status-publish","hentry"],"_links":{"self":[{"href":"https:\/\/sdp.si\/wp\/wp-json\/wp\/v2\/pages\/13421","targetHints":{"allow":["GET"]}}],"collection":[{"href":"https:\/\/sdp.si\/wp\/wp-json\/wp\/v2\/pages"}],"about":[{"href":"https:\/\/sdp.si\/wp\/wp-json\/wp\/v2\/types\/page"}],"author":[{"embeddable":true,"href":"https:\/\/sdp.si\/wp\/wp-json\/wp\/v2\/users\/1"}],"replies":[{"embeddable":true,"href":"https:\/\/sdp.si\/wp\/wp-json\/wp\/v2\/comments?post=13421"}],"version-history":[{"count":110,"href":"https:\/\/sdp.si\/wp\/wp-json\/wp\/v2\/pages\/13421\/revisions"}],"predecessor-version":[{"id":16994,"href":"https:\/\/sdp.si\/wp\/wp-json\/wp\/v2\/pages\/13421\/revisions\/16994"}],"wp:attachment":[{"href":"https:\/\/sdp.si\/wp\/wp-json\/wp\/v2\/media?parent=13421"}],"curies":[{"name":"wp","href":"https:\/\/api.w.org\/{rel}","templated":true}]}}